{"id":166,"date":"2015-09-28T17:04:12","date_gmt":"2015-09-28T17:04:12","guid":{"rendered":"http:\/\/plethorathemes.com\/healthx\/?page_id=166"},"modified":"2022-10-12T09:24:06","modified_gmt":"2022-10-12T09:24:06","slug":"about-us","status":"publish","type":"page","link":"https:\/\/mondecare.pt\/index.php\/about-us\/","title":{"rendered":"Quem Somos"},"content":{"rendered":"<p>[vc_row full_width=&#8221;0&#8243; full_height=&#8221;0&#8243; particles=&#8221;0&#8243;][vc_column margin=&#8221;margin_bottom_grid&#8221; offset=&#8221;vc_col-md-6&#8243;][vc_column_text]<\/p>\n<p style=\"text-align: justify;\">A MONDECARE \u00e9 uma empresa de presta\u00e7\u00e3o de servi\u00e7os de sa\u00fade \u2013 direcionada \u00e0 reabilita\u00e7\u00e3o f\u00edsica \u2013 e forma\u00e7\u00e3o. A empresa iniciou atividade no final de 2020 e tem-se dedicado \u00e0 promo\u00e7\u00e3o de pr\u00e1ticas orientadas para o cliente, garantindo um servi\u00e7o altamente especializado e personalizado.<\/p>\n<p style=\"text-align: justify;\">O nosso foco est\u00e1 na identifica\u00e7\u00e3o das necessidades do cliente (individual ou empresarial) ao n\u00edvel da sa\u00fade e forma\u00e7\u00e3o, na implementa\u00e7\u00e3o das melhores pr\u00e1ticas e de processos internos de melhoria cont\u00ednua da qualidade para um servi\u00e7o de excel\u00eancia.<\/p>\n<p>[\/vc_column_text][vc_text_separator title=&#8221;Miss\u00e3o, Vis\u00e3o, Valores&#8221; title_align=&#8221;separator_align_left&#8221;][vc_tta_accordion][vc_tta_section title=&#8221;Miss\u00e3o&#8221; tab_id=&#8221;1652727433680-c5c2ae7b-a0a4&#8243;][vc_column_text]<\/p>\n<p style=\"text-align: justify;\">Recuperar\/capacitar funcionalmente o paciente, prevenir les\u00f5es e formar pessoas para a melhoria da qualidade de vida, atrav\u00e9s dos mais elevados n\u00edveis de qualidade dos servi\u00e7os prestados.<\/p>\n<p>[\/vc_column_text][\/vc_tta_section][vc_tta_section title=&#8221;Vis\u00e3o&#8221; tab_id=&#8221;1652727433695-58a1260d-c8cc&#8221;][vc_column_text]<\/p>\n<p style=\"text-align: justify;\">Ser uma refer\u00eancia na presta\u00e7\u00e3o de servi\u00e7os de sa\u00fade no dom\u00ednio da recupera\u00e7\u00e3o\/reabilita\u00e7\u00e3o f\u00edsica, preven\u00e7\u00e3o de les\u00f5es e forma\u00e7\u00e3o na regi\u00e3o.<\/p>\n<p>[\/vc_column_text][\/vc_tta_section][vc_tta_section title=&#8221;Valores&#8221; tab_id=&#8221;1652727505682-f73e007c-637a&#8221;][vc_column_text]<\/p>\n<p style=\"text-align: justify;\">Respeito, Rigor, Dedica\u00e7\u00e3o, Profissionalismo, Responsabilidade (pessoal, social e ambiental), Humildade e Confidencialidade.<\/p>\n<p>[\/vc_column_text][\/vc_tta_section][\/vc_tta_accordion][vc_empty_space][vc_text_separator title=&#8221;Equipa&#8221; title_align=&#8221;separator_align_left&#8221;][vc_column_text]<\/p>\n<p style=\"text-align: justify;\">A MONDECARE \u00e9 constitu\u00edda por uma equipa jovem de profissionais altamente qualificados, que garantem os mais elevados padr\u00f5es de qualidade para o alcance dos melhores resultados.<\/p>\n<p style=\"text-align: justify;\">A nossa equipa aposta na forma\u00e7\u00e3o cont\u00ednua para as melhores pr\u00e1ticas, baseadas na mais atual evid\u00eancia cient\u00edfica. A par das compet\u00eancias t\u00e9cnicas, salientam-se as compet\u00eancias relacionais dos nossos profissionais.<\/p>\n<p>[\/vc_column_text][\/vc_column][vc_column offset=&#8221;vc_col-md-6&#8243;][vc_single_image image=&#8221;2122&#8243; img_size=&#8221;large&#8221;][\/vc_column][vc_column][vc_empty_space][\/vc_column][\/vc_row][vc_row color_set=&#8221;dark_section&#8221; full_width=&#8221;0&#8243; full_height=&#8221;0&#8243; transparent_overlay=&#8221;transparent_film&#8221; background=&#8221;bgimage&#8221; bgimage=&#8221;2239&#8243; parallax=&#8221;0&#8243;][vc_column]<div class=\"section_header subtitle_bottom   fancy text-center\">\n\n    <h2>Pretende marcar uma consulta?<\/h2>\n\n\n        <p >Entre j\u00e1 em contacto connosco.<\/p>\n<\/div><div class=\"plethora_button wpb_content_element   text-center \">\n    <a href=\"https:\/\/mondecare.pt\/index.php\/contactos\/\" debug class=\" btn btn-primary with-icon icon-left\" title=\"Contactos\"  target=\"_self\">\n\n         <i class=\"fa fa-phone\"><\/i> \n        Contactos\n        \n\n    <\/a>\n<\/div>[\/vc_column][\/vc_row]<\/p>\n","protected":false},"excerpt":{"rendered":"<p>[vc_row full_width=&#8221;0&#8243; full_height=&#8221;0&#8243; particles=&#8221;0&#8243;][vc_column margin=&#8221;margin_bottom_grid&#8221; offset=&#8221;vc_col-md-6&#8243;][vc_column_text] A MONDECARE \u00e9 uma empresa de presta\u00e7\u00e3o de servi\u00e7os de sa\u00fade \u2013 direcionada \u00e0 reabilita\u00e7\u00e3o f\u00edsica \u2013 e forma\u00e7\u00e3o. A empresa iniciou atividade no final de 2020 e tem-se dedicado \u00e0 promo\u00e7\u00e3o de pr\u00e1ticas orientadas para o cliente, garantindo um servi\u00e7o altamente especializado e personalizado. O nosso foco est\u00e1 [&hellip;]<\/p>\n","protected":false},"author":1,"featured_media":2256,"parent":0,"menu_order":0,"comment_status":"closed","ping_status":"closed","template":"","meta":{"footnotes":""},"class_list":["post-166","page","type-page","status-publish","has-post-thumbnail","hentry"],"yoast_head":"<!-- This site is optimized with the Yoast SEO plugin v19.8 - https:\/\/yoast.com\/wordpress\/plugins\/seo\/ -->\n<title>Quem Somos - MONDECARE<\/title>\n<meta name=\"robots\" content=\"index, follow, max-snippet:-1, max-image-preview:large, max-video-preview:-1\" \/>\n<link rel=\"canonical\" href=\"https:\/\/mondecare.pt\/index.php\/about-us\/\" \/>\n<meta property=\"og:locale\" content=\"pt_PT\" \/>\n<meta property=\"og:type\" content=\"article\" \/>\n<meta property=\"og:title\" content=\"Quem Somos - MONDECARE\" \/>\n<meta property=\"og:description\" content=\"[vc_row full_width=&#8221;0&#8243; full_height=&#8221;0&#8243; particles=&#8221;0&#8243;][vc_column margin=&#8221;margin_bottom_grid&#8221; offset=&#8221;vc_col-md-6&#8243;][vc_column_text] A MONDECARE \u00e9 uma empresa de presta\u00e7\u00e3o de servi\u00e7os de sa\u00fade \u2013 direcionada \u00e0 reabilita\u00e7\u00e3o f\u00edsica \u2013 e forma\u00e7\u00e3o. A empresa iniciou atividade no final de 2020 e tem-se dedicado \u00e0 promo\u00e7\u00e3o de pr\u00e1ticas orientadas para o cliente, garantindo um servi\u00e7o altamente especializado e personalizado. O nosso foco est\u00e1 [&hellip;]\" \/>\n<meta property=\"og:url\" content=\"https:\/\/mondecare.pt\/index.php\/about-us\/\" \/>\n<meta property=\"og:site_name\" content=\"MONDECARE\" \/>\n<meta property=\"article:modified_time\" content=\"2022-10-12T09:24:06+00:00\" \/>\n<meta property=\"og:image\" content=\"https:\/\/mondecare.pt\/wp-content\/uploads\/2022\/10\/IMG_5396-scaled-e1661333022596-1-e1665242170867.png\" \/>\n\t<meta property=\"og:image:width\" content=\"2242\" \/>\n\t<meta property=\"og:image:height\" content=\"733\" \/>\n\t<meta property=\"og:image:type\" content=\"image\/png\" \/>\n<meta name=\"twitter:card\" content=\"summary_large_image\" \/>\n<meta name=\"twitter:label1\" content=\"Est. reading time\" \/>\n\t<meta name=\"twitter:data1\" content=\"2 minutos\" \/>\n<script type=\"application\/ld+json\" class=\"yoast-schema-graph\">{\"@context\":\"https:\/\/schema.org\",\"@graph\":[{\"@type\":\"WebPage\",\"@id\":\"https:\/\/mondecare.pt\/index.php\/about-us\/\",\"url\":\"https:\/\/mondecare.pt\/index.php\/about-us\/\",\"name\":\"Quem Somos - MONDECARE\",\"isPartOf\":{\"@id\":\"https:\/\/mondecare.pt\/#website\"},\"datePublished\":\"2015-09-28T17:04:12+00:00\",\"dateModified\":\"2022-10-12T09:24:06+00:00\",\"breadcrumb\":{\"@id\":\"https:\/\/mondecare.pt\/index.php\/about-us\/#breadcrumb\"},\"inLanguage\":\"pt-PT\",\"potentialAction\":[{\"@type\":\"ReadAction\",\"target\":[\"https:\/\/mondecare.pt\/index.php\/about-us\/\"]}]},{\"@type\":\"BreadcrumbList\",\"@id\":\"https:\/\/mondecare.pt\/index.php\/about-us\/#breadcrumb\",\"itemListElement\":[{\"@type\":\"ListItem\",\"position\":1,\"name\":\"In\u00edcio\",\"item\":\"https:\/\/mondecare.pt\/\"},{\"@type\":\"ListItem\",\"position\":2,\"name\":\"Quem Somos\"}]},{\"@type\":\"WebSite\",\"@id\":\"https:\/\/mondecare.pt\/#website\",\"url\":\"https:\/\/mondecare.pt\/\",\"name\":\"MONDECARE\",\"description\":\"Servi\u00e7os de Sa\u00fade\",\"publisher\":{\"@id\":\"https:\/\/mondecare.pt\/#organization\"},\"potentialAction\":[{\"@type\":\"SearchAction\",\"target\":{\"@type\":\"EntryPoint\",\"urlTemplate\":\"https:\/\/mondecare.pt\/?s={search_term_string}\"},\"query-input\":\"required name=search_term_string\"}],\"inLanguage\":\"pt-PT\"},{\"@type\":\"Organization\",\"@id\":\"https:\/\/mondecare.pt\/#organization\",\"name\":\"MONDECARE\",\"url\":\"https:\/\/mondecare.pt\/\",\"sameAs\":[],\"logo\":{\"@type\":\"ImageObject\",\"inLanguage\":\"pt-PT\",\"@id\":\"https:\/\/mondecare.pt\/#\/schema\/logo\/image\/\",\"url\":\"https:\/\/mondecare.pt\/wp-content\/uploads\/2022\/06\/Frame-1-3.png\",\"contentUrl\":\"https:\/\/mondecare.pt\/wp-content\/uploads\/2022\/06\/Frame-1-3.png\",\"width\":897,\"height\":226,\"caption\":\"MONDECARE\"},\"image\":{\"@id\":\"https:\/\/mondecare.pt\/#\/schema\/logo\/image\/\"}}]}<\/script>\n<!-- \/ Yoast SEO plugin. -->","yoast_head_json":{"title":"Quem Somos - MONDECARE","robots":{"index":"index","follow":"follow","max-snippet":"max-snippet:-1","max-image-preview":"max-image-preview:large","max-video-preview":"max-video-preview:-1"},"canonical":"https:\/\/mondecare.pt\/index.php\/about-us\/","og_locale":"pt_PT","og_type":"article","og_title":"Quem Somos - MONDECARE","og_description":"[vc_row full_width=&#8221;0&#8243; full_height=&#8221;0&#8243; particles=&#8221;0&#8243;][vc_column margin=&#8221;margin_bottom_grid&#8221; offset=&#8221;vc_col-md-6&#8243;][vc_column_text] A MONDECARE \u00e9 uma empresa de presta\u00e7\u00e3o de servi\u00e7os de sa\u00fade \u2013 direcionada \u00e0 reabilita\u00e7\u00e3o f\u00edsica \u2013 e forma\u00e7\u00e3o. A empresa iniciou atividade no final de 2020 e tem-se dedicado \u00e0 promo\u00e7\u00e3o de pr\u00e1ticas orientadas para o cliente, garantindo um servi\u00e7o altamente especializado e personalizado. O nosso foco est\u00e1 [&hellip;]","og_url":"https:\/\/mondecare.pt\/index.php\/about-us\/","og_site_name":"MONDECARE","article_modified_time":"2022-10-12T09:24:06+00:00","og_image":[{"width":2242,"height":733,"url":"https:\/\/mondecare.pt\/wp-content\/uploads\/2022\/10\/IMG_5396-scaled-e1661333022596-1-e1665242170867.png","type":"image\/png"}],"twitter_card":"summary_large_image","twitter_misc":{"Est. reading time":"2 minutos"},"schema":{"@context":"https:\/\/schema.org","@graph":[{"@type":"WebPage","@id":"https:\/\/mondecare.pt\/index.php\/about-us\/","url":"https:\/\/mondecare.pt\/index.php\/about-us\/","name":"Quem Somos - MONDECARE","isPartOf":{"@id":"https:\/\/mondecare.pt\/#website"},"datePublished":"2015-09-28T17:04:12+00:00","dateModified":"2022-10-12T09:24:06+00:00","breadcrumb":{"@id":"https:\/\/mondecare.pt\/index.php\/about-us\/#breadcrumb"},"inLanguage":"pt-PT","potentialAction":[{"@type":"ReadAction","target":["https:\/\/mondecare.pt\/index.php\/about-us\/"]}]},{"@type":"BreadcrumbList","@id":"https:\/\/mondecare.pt\/index.php\/about-us\/#breadcrumb","itemListElement":[{"@type":"ListItem","position":1,"name":"In\u00edcio","item":"https:\/\/mondecare.pt\/"},{"@type":"ListItem","position":2,"name":"Quem Somos"}]},{"@type":"WebSite","@id":"https:\/\/mondecare.pt\/#website","url":"https:\/\/mondecare.pt\/","name":"MONDECARE","description":"Servi\u00e7os de Sa\u00fade","publisher":{"@id":"https:\/\/mondecare.pt\/#organization"},"potentialAction":[{"@type":"SearchAction","target":{"@type":"EntryPoint","urlTemplate":"https:\/\/mondecare.pt\/?s={search_term_string}"},"query-input":"required name=search_term_string"}],"inLanguage":"pt-PT"},{"@type":"Organization","@id":"https:\/\/mondecare.pt\/#organization","name":"MONDECARE","url":"https:\/\/mondecare.pt\/","sameAs":[],"logo":{"@type":"ImageObject","inLanguage":"pt-PT","@id":"https:\/\/mondecare.pt\/#\/schema\/logo\/image\/","url":"https:\/\/mondecare.pt\/wp-content\/uploads\/2022\/06\/Frame-1-3.png","contentUrl":"https:\/\/mondecare.pt\/wp-content\/uploads\/2022\/06\/Frame-1-3.png","width":897,"height":226,"caption":"MONDECARE"},"image":{"@id":"https:\/\/mondecare.pt\/#\/schema\/logo\/image\/"}}]}},"_links":{"self":[{"href":"https:\/\/mondecare.pt\/index.php\/wp-json\/wp\/v2\/pages\/166","targetHints":{"allow":["GET"]}}],"collection":[{"href":"https:\/\/mondecare.pt\/index.php\/wp-json\/wp\/v2\/pages"}],"about":[{"href":"https:\/\/mondecare.pt\/index.php\/wp-json\/wp\/v2\/types\/page"}],"author":[{"embeddable":true,"href":"https:\/\/mondecare.pt\/index.php\/wp-json\/wp\/v2\/users\/1"}],"replies":[{"embeddable":true,"href":"https:\/\/mondecare.pt\/index.php\/wp-json\/wp\/v2\/comments?post=166"}],"version-history":[{"count":19,"href":"https:\/\/mondecare.pt\/index.php\/wp-json\/wp\/v2\/pages\/166\/revisions"}],"predecessor-version":[{"id":2281,"href":"https:\/\/mondecare.pt\/index.php\/wp-json\/wp\/v2\/pages\/166\/revisions\/2281"}],"wp:featuredmedia":[{"embeddable":true,"href":"https:\/\/mondecare.pt\/index.php\/wp-json\/wp\/v2\/media\/2256"}],"wp:attachment":[{"href":"https:\/\/mondecare.pt\/index.php\/wp-json\/wp\/v2\/media?parent=166"}],"curies":[{"name":"wp","href":"https:\/\/api.w.org\/{rel}","templated":true}]}}