{"id":145,"date":"2015-09-28T16:00:31","date_gmt":"2015-09-28T16:00:31","guid":{"rendered":"http:\/\/plethorathemes.com\/healthx\/?page_id=145"},"modified":"2022-10-21T07:42:06","modified_gmt":"2022-10-21T07:42:06","slug":"home","status":"publish","type":"page","link":"https:\/\/mondecare.pt\/","title":{"rendered":"Home"},"content":{"rendered":"<p>[vc_row full_width=&#8221;0&#8243; full_height=&#8221;0&#8243; row_padding=&#8221;no_padding&#8221; cols_padding=&#8221;no_cols_padding&#8221; elevate=&#8221;elevate&#8221; background=&#8221;transparent&#8221; el_class=&#8221;folded_section&#8221;][vc_column width=&#8221;1\/4&#8243; color_set=&#8221;skincolored_section&#8221; background=&#8221;transparent&#8221; offset=&#8221;vc_col-xs-6&#8243; css=&#8221;.vc_custom_1653493695935{background-color: #5aa1c4 !important;}&#8221;]<!-- ========================== TEASER BOX ==========================-->\n<div class=\"teaser_box wpb_content_element text-center  transparent boxed same_height_col  with_button    \">\n\n  <div class=\"figure transparent\">\n\n\n      <a href=\"https:\/\/mondecare.pt\/index.php\/servicos\/\" debug title=\"Servi\u00e7os\" target=\"\"> \n\n        \n        \n        \n         <img decoding=\"async\" src=\"https:\/\/mondecare.pt\/wp-content\/uploads\/2015\/09\/icon_tree_white.png\" alt=\"Consultas\">   \n\n        \n\n    <\/a>\n\n  <\/div>\n\n\n\n  <div class=\"content text-center   with_button \">\n    \n    <div class=\"hgroup\">\n       <h4 class=\"neutralize_links\">\n       Consultas\n       <\/h4>\n      \n    <\/div>\n\n    \n\n    <div class=\"link centered\">\n        <a href=\"https:\/\/mondecare.pt\/index.php\/servicos\/\" Servi\u00e7os target=\"\" class=\"btn btn-xs btn-secondary\"><strong>Mais<\/strong><\/a>\n    <\/div>\n\n  <\/div>\n\n<\/div>\n\n<!-- END======================= TEASER BOX ==========================-->[\/vc_column][vc_column width=&#8221;1\/4&#8243; color_set=&#8221;skincolored_section&#8221; background=&#8221;transparent&#8221; offset=&#8221;vc_col-xs-6&#8243; css=&#8221;.vc_custom_1653493703698{background-color: #5aa1c4 !important;}&#8221;]<!-- ========================== TEASER BOX ==========================-->\n<div class=\"teaser_box wpb_content_element text-center  transparent boxed same_height_col  with_button    \">\n\n  <div class=\"figure transparent\">\n\n\n      <a href=\"https:\/\/mondecare.pt\/index.php\/servicos\/\" debug title=\"\" target=\"\"> \n\n        \n        \n        \n         <img decoding=\"async\" src=\"https:\/\/mondecare.pt\/wp-content\/uploads\/2015\/09\/strive-lungs.png\" alt=\"Tratamentos \/ Terap\u00eauticas\">   \n\n        \n\n    <\/a>\n\n  <\/div>\n\n\n\n  <div class=\"content text-center   with_button \">\n    \n    <div class=\"hgroup\">\n       <h4 class=\"neutralize_links\">\n       Tratamentos \/ Terap\u00eauticas\n       <\/h4>\n      \n    <\/div>\n\n    \n\n    <div class=\"link centered\">\n        <a href=\"https:\/\/mondecare.pt\/index.php\/servicos\/\"  target=\"\" class=\"btn btn-xs btn-secondary\"><strong>Mais<\/strong><\/a>\n    <\/div>\n\n  <\/div>\n\n<\/div>\n\n<!-- END======================= TEASER BOX ==========================-->[\/vc_column][vc_column width=&#8221;1\/4&#8243; color_set=&#8221;skincolored_section&#8221; offset=&#8221;vc_col-xs-6&#8243; css=&#8221;.vc_custom_1653493711277{background-color: #5aa1c4 !important;}&#8221;]<!-- ========================== TEASER BOX ==========================-->\n<div class=\"teaser_box wpb_content_element text-center  transparent boxed same_height_col  with_button    \">\n\n  <div class=\"figure transparent\">\n\n\n      <a href=\"https:\/\/mondecare.pt\/index.php\/servicos\/\" debug title=\"\" target=\"\"> \n\n        \n        \n        \n         <img decoding=\"async\" src=\"https:\/\/mondecare.pt\/wp-content\/uploads\/2022\/06\/Frame-2-2.png\" alt=\"Atividades de Grupo\">   \n\n        \n\n    <\/a>\n\n  <\/div>\n\n\n\n  <div class=\"content text-center   with_button \">\n    \n    <div class=\"hgroup\">\n       <h4 class=\"neutralize_links\">\n       Atividades de Grupo\n       <\/h4>\n      \n    <\/div>\n\n    \n\n    <div class=\"link centered\">\n        <a href=\"https:\/\/mondecare.pt\/index.php\/servicos\/\"  target=\"\" class=\"btn btn-xs btn-secondary\"><strong>Mais<\/strong><\/a>\n    <\/div>\n\n  <\/div>\n\n<\/div>\n\n<!-- END======================= TEASER BOX ==========================-->[\/vc_column][vc_column width=&#8221;1\/4&#8243; color_set=&#8221;skincolored_section&#8221; background=&#8221;transparent&#8221; offset=&#8221;vc_col-xs-6&#8243; css=&#8221;.vc_custom_1653493717485{background-color: #5aa1c4 !important;}&#8221;]<!-- ========================== TEASER BOX ==========================-->\n<div class=\"teaser_box wpb_content_element text-center  transparent boxed same_height_col  with_button    \">\n\n  <div class=\"figure transparent\">\n\n\n      <a href=\"https:\/\/mondecare.pt\/index.php\/servicos\/\" debug title=\"\" target=\"\"> \n\n        \n        \n        \n         <img decoding=\"async\" src=\"https:\/\/mondecare.pt\/wp-content\/uploads\/2015\/09\/strive-test.png\" alt=\"Forma\u00e7\u00e3o\">   \n\n        \n\n    <\/a>\n\n  <\/div>\n\n\n\n  <div class=\"content text-center   with_button \">\n    \n    <div class=\"hgroup\">\n       <h4 class=\"neutralize_links\">\n       Forma\u00e7\u00e3o\n       <\/h4>\n      \n    <\/div>\n\n    \n\n    <div class=\"link centered\">\n        <a href=\"https:\/\/mondecare.pt\/index.php\/servicos\/\"  target=\"\" class=\"btn btn-xs btn-secondary\"><strong>Mais<\/strong><\/a>\n    <\/div>\n\n  <\/div>\n\n<\/div>\n\n<!-- END======================= TEASER BOX ==========================-->[\/vc_column][\/vc_row][vc_row full_width=&#8221;0&#8243; full_height=&#8221;0&#8243; row_padding=&#8221;no_top_padding&#8221; sep_bottom=&#8221;separator_bottom sep_angled_positive_bottom&#8221; particles=&#8221;0&#8243;][vc_column]<div class=\"section_header subtitle_bottom   fancy text-left\">\n\n    <h2>Bem-vindo \u00e0 nossa cl\u00ednica<\/h2>\n\n\n        <p ><\/p>\n<\/div>[\/vc_column][vc_column][vc_column_text]<\/p>\n<h5>Pode encontrar-nos na Av. de Coimbra, Ed. Millenium, lote 6, R\/C, 5A<br \/>\n3420-341 T\u00e1bua<\/h5>\n<p>[\/vc_column_text][vc_gmaps link=&#8221;#E-8_JTNDaWZyYW1lJTIwJTIwc3JjJTNEJTIyaHR0cHMlM0ElMkYlMkZ3d3cuZ29vZ2xlLmNvbSUyRm1hcHMlMkZlbWJlZCUzRnBiJTNEJTIxMW0xOCUyMTFtMTIlMjExbTMlMjExZDMxOTEuMjExNTc1NTA4OTM4JTIxMmQtOC4wMjM4NTAyMzIyODAzNzQlMjEzZDQwLjM2Mjk4NjQxNTQxODc5NiUyMTJtMyUyMTFmMCUyMTJmMCUyMTNmMCUyMTNtMiUyMTFpMTAyNCUyMTJpNzY4JTIxNGYxMy4xJTIxM20zJTIxMW0yJTIxMXMweGQyMmY5YjI2MjI4NWVhNSUyNTNBMHhiMTZmODMyNTc4NmJjYTklMjEyc01PTkRFQ0FSRSUyNTIwLSUyNTIwQ2wlMjVDMyUyNUFEbmljYSUyNTIwZGUlMjUyMFJlYWJpbGl0YSUyNUMzJTI1QTclMjVDMyUyNUEzbyUyNTIwRiUyNUMzJTI1QURzaWNhJTIxNWUwJTIxM20yJTIxMXNwdC1QVCUyMTJzcHQlMjE0djE2NTM5OTQ3OTk5OTUlMjE1bTIlMjExc3B0LVBUJTIxMnNwdCUyMiUyMHdpZHRoJTNEJTIyNjAwJTIyJTIwaGVpZ2h0JTNEJTIyNDUwJTIyJTIwc3R5bGUlM0QlMjJib3JkZXIlM0EwJTNCJTIyJTIwYWxsb3dmdWxsc2NyZWVuJTNEJTIyJTIyJTIwbG9hZGluZyUzRCUyMmxhenklMjIlMjByZWZlcnJlcnBvbGljeSUzRCUyMm5vLXJlZmVycmVyLXdoZW4tZG93bmdyYWRlJTIyJTNFJTNDJTJGaWZyYW1lJTNF&#8221;][\/vc_column][\/vc_row][vc_row color_set=&#8221;dark_section&#8221; align=&#8221;text-center&#8221; full_width=&#8221;0&#8243; full_height=&#8221;0&#8243; cols_valign=&#8221;vcenter&#8221; transparent_overlay=&#8221;transparent_film&#8221; background=&#8221;bgimage&#8221; bgimage=&#8221;2239&#8243; parallax=&#8221;0&#8243;][vc_column align=&#8221;text-center&#8221;]<div class=\"section_header subtitle_bottom   fancy text-center\">\n\n    <h2>Pretende marcar uma consulta?<\/h2>\n\n\n        <p >Entre j\u00e1 em contacto connosco.<\/p>\n<\/div><div class=\"plethora_button wpb_content_element   text-center \">\n    <a href=\"https:\/\/mondecare.pt\/index.php\/contactos\/\" debug class=\" btn btn-primary with-icon icon-left\" title=\"Contactos\"  target=\"_self\">\n\n         <i class=\"fa fa-phone\"><\/i> \n        Contactos\n        \n\n    <\/a>\n<\/div>[\/vc_column][\/vc_row]<\/p>\n","protected":false},"excerpt":{"rendered":"<p>[vc_row full_width=&#8221;0&#8243; full_height=&#8221;0&#8243; row_padding=&#8221;no_padding&#8221; cols_padding=&#8221;no_cols_padding&#8221; elevate=&#8221;elevate&#8221; background=&#8221;transparent&#8221; el_class=&#8221;folded_section&#8221;][vc_column width=&#8221;1\/4&#8243; color_set=&#8221;skincolored_section&#8221; background=&#8221;transparent&#8221; offset=&#8221;vc_col-xs-6&#8243; css=&#8221;.vc_custom_1653493695935{background-color: #5aa1c4 !important;}&#8221;][\/vc_column][vc_column width=&#8221;1\/4&#8243; color_set=&#8221;skincolored_section&#8221; background=&#8221;transparent&#8221; offset=&#8221;vc_col-xs-6&#8243; css=&#8221;.vc_custom_1653493703698{background-color: #5aa1c4 !important;}&#8221;][\/vc_column][vc_column width=&#8221;1\/4&#8243; color_set=&#8221;skincolored_section&#8221; offset=&#8221;vc_col-xs-6&#8243; css=&#8221;.vc_custom_1653493711277{background-color: #5aa1c4 !important;}&#8221;][\/vc_column][vc_column width=&#8221;1\/4&#8243; color_set=&#8221;skincolored_section&#8221; background=&#8221;transparent&#8221; offset=&#8221;vc_col-xs-6&#8243; css=&#8221;.vc_custom_1653493717485{background-color: #5aa1c4 !important;}&#8221;][\/vc_column][\/vc_row][vc_row full_width=&#8221;0&#8243; full_height=&#8221;0&#8243; row_padding=&#8221;no_top_padding&#8221; sep_bottom=&#8221;separator_bottom sep_angled_positive_bottom&#8221; particles=&#8221;0&#8243;][vc_column][\/vc_column][vc_column][vc_column_text] Pode encontrar-nos na Av. de Coimbra, Ed. Millenium, lote 6, R\/C, 5A 3420-341 T\u00e1bua [&hellip;]<\/p>\n","protected":false},"author":1,"featured_media":0,"parent":0,"menu_order":0,"comment_status":"closed","ping_status":"closed","template":"","meta":{"footnotes":""},"class_list":["post-145","page","type-page","status-publish","hentry"],"yoast_head":"<!-- This site is optimized with the Yoast SEO plugin v19.8 - https:\/\/yoast.com\/wordpress\/plugins\/seo\/ -->\n<title>MONDECARE<\/title>\n<meta name=\"description\" content=\"A MONDECARE \u00e9 uma empresa de presta\u00e7\u00e3o de servi\u00e7os de sa\u00fade \u2013 direcionada \u00e0 reabilita\u00e7\u00e3o f\u00edsica \u2013 e forma\u00e7\u00e3o.\" \/>\n<meta name=\"robots\" content=\"index, follow, max-snippet:-1, max-image-preview:large, max-video-preview:-1\" \/>\n<link rel=\"canonical\" href=\"https:\/\/mondecare.pt\/\" \/>\n<meta property=\"og:locale\" content=\"pt_PT\" \/>\n<meta property=\"og:type\" content=\"article\" \/>\n<meta property=\"og:title\" content=\"MONDECARE\" \/>\n<meta property=\"og:description\" content=\"A MONDECARE \u00e9 uma empresa de presta\u00e7\u00e3o de servi\u00e7os de sa\u00fade \u2013 direcionada \u00e0 reabilita\u00e7\u00e3o f\u00edsica \u2013 e forma\u00e7\u00e3o.\" \/>\n<meta property=\"og:url\" content=\"https:\/\/mondecare.pt\/\" \/>\n<meta property=\"og:site_name\" content=\"MONDECARE\" \/>\n<meta property=\"article:modified_time\" content=\"2022-10-21T07:42:06+00:00\" \/>\n<meta property=\"og:image\" content=\"https:\/\/mondecare.pt\/wp-content\/uploads\/2022\/06\/Frame-1-3.png\" \/>\n\t<meta property=\"og:image:width\" content=\"897\" \/>\n\t<meta property=\"og:image:height\" content=\"226\" \/>\n\t<meta property=\"og:image:type\" content=\"image\/png\" \/>\n<meta name=\"twitter:card\" content=\"summary_large_image\" \/>\n<meta name=\"twitter:label1\" content=\"Est. reading time\" \/>\n\t<meta name=\"twitter:data1\" content=\"1 minuto\" \/>\n<script type=\"application\/ld+json\" class=\"yoast-schema-graph\">{\"@context\":\"https:\/\/schema.org\",\"@graph\":[{\"@type\":\"WebPage\",\"@id\":\"https:\/\/mondecare.pt\/\",\"url\":\"https:\/\/mondecare.pt\/\",\"name\":\"MONDECARE\",\"isPartOf\":{\"@id\":\"https:\/\/mondecare.pt\/#website\"},\"datePublished\":\"2015-09-28T16:00:31+00:00\",\"dateModified\":\"2022-10-21T07:42:06+00:00\",\"description\":\"A MONDECARE \u00e9 uma empresa de presta\u00e7\u00e3o de servi\u00e7os de sa\u00fade \u2013 direcionada \u00e0 reabilita\u00e7\u00e3o f\u00edsica \u2013 e forma\u00e7\u00e3o.\",\"breadcrumb\":{\"@id\":\"https:\/\/mondecare.pt\/#breadcrumb\"},\"inLanguage\":\"pt-PT\",\"potentialAction\":[{\"@type\":\"ReadAction\",\"target\":[\"https:\/\/mondecare.pt\/\"]}]},{\"@type\":\"BreadcrumbList\",\"@id\":\"https:\/\/mondecare.pt\/#breadcrumb\",\"itemListElement\":[{\"@type\":\"ListItem\",\"position\":1,\"name\":\"In\u00edcio\",\"item\":\"https:\/\/mondecare.pt\/\"},{\"@type\":\"ListItem\",\"position\":2,\"name\":\"Home\"}]},{\"@type\":\"WebSite\",\"@id\":\"https:\/\/mondecare.pt\/#website\",\"url\":\"https:\/\/mondecare.pt\/\",\"name\":\"MONDECARE\",\"description\":\"Servi\u00e7os de Sa\u00fade\",\"publisher\":{\"@id\":\"https:\/\/mondecare.pt\/#organization\"},\"potentialAction\":[{\"@type\":\"SearchAction\",\"target\":{\"@type\":\"EntryPoint\",\"urlTemplate\":\"https:\/\/mondecare.pt\/?s={search_term_string}\"},\"query-input\":\"required name=search_term_string\"}],\"inLanguage\":\"pt-PT\"},{\"@type\":\"Organization\",\"@id\":\"https:\/\/mondecare.pt\/#organization\",\"name\":\"MONDECARE\",\"url\":\"https:\/\/mondecare.pt\/\",\"sameAs\":[],\"logo\":{\"@type\":\"ImageObject\",\"inLanguage\":\"pt-PT\",\"@id\":\"https:\/\/mondecare.pt\/#\/schema\/logo\/image\/\",\"url\":\"https:\/\/mondecare.pt\/wp-content\/uploads\/2022\/06\/Frame-1-3.png\",\"contentUrl\":\"https:\/\/mondecare.pt\/wp-content\/uploads\/2022\/06\/Frame-1-3.png\",\"width\":897,\"height\":226,\"caption\":\"MONDECARE\"},\"image\":{\"@id\":\"https:\/\/mondecare.pt\/#\/schema\/logo\/image\/\"}}]}<\/script>\n<!-- \/ Yoast SEO plugin. -->","yoast_head_json":{"title":"MONDECARE","description":"A MONDECARE \u00e9 uma empresa de presta\u00e7\u00e3o de servi\u00e7os de sa\u00fade \u2013 direcionada \u00e0 reabilita\u00e7\u00e3o f\u00edsica \u2013 e forma\u00e7\u00e3o.","robots":{"index":"index","follow":"follow","max-snippet":"max-snippet:-1","max-image-preview":"max-image-preview:large","max-video-preview":"max-video-preview:-1"},"canonical":"https:\/\/mondecare.pt\/","og_locale":"pt_PT","og_type":"article","og_title":"MONDECARE","og_description":"A MONDECARE \u00e9 uma empresa de presta\u00e7\u00e3o de servi\u00e7os de sa\u00fade \u2013 direcionada \u00e0 reabilita\u00e7\u00e3o f\u00edsica \u2013 e forma\u00e7\u00e3o.","og_url":"https:\/\/mondecare.pt\/","og_site_name":"MONDECARE","article_modified_time":"2022-10-21T07:42:06+00:00","og_image":[{"width":897,"height":226,"url":"https:\/\/mondecare.pt\/wp-content\/uploads\/2022\/06\/Frame-1-3.png","type":"image\/png"}],"twitter_card":"summary_large_image","twitter_misc":{"Est. reading time":"1 minuto"},"schema":{"@context":"https:\/\/schema.org","@graph":[{"@type":"WebPage","@id":"https:\/\/mondecare.pt\/","url":"https:\/\/mondecare.pt\/","name":"MONDECARE","isPartOf":{"@id":"https:\/\/mondecare.pt\/#website"},"datePublished":"2015-09-28T16:00:31+00:00","dateModified":"2022-10-21T07:42:06+00:00","description":"A MONDECARE \u00e9 uma empresa de presta\u00e7\u00e3o de servi\u00e7os de sa\u00fade \u2013 direcionada \u00e0 reabilita\u00e7\u00e3o f\u00edsica \u2013 e forma\u00e7\u00e3o.","breadcrumb":{"@id":"https:\/\/mondecare.pt\/#breadcrumb"},"inLanguage":"pt-PT","potentialAction":[{"@type":"ReadAction","target":["https:\/\/mondecare.pt\/"]}]},{"@type":"BreadcrumbList","@id":"https:\/\/mondecare.pt\/#breadcrumb","itemListElement":[{"@type":"ListItem","position":1,"name":"In\u00edcio","item":"https:\/\/mondecare.pt\/"},{"@type":"ListItem","position":2,"name":"Home"}]},{"@type":"WebSite","@id":"https:\/\/mondecare.pt\/#website","url":"https:\/\/mondecare.pt\/","name":"MONDECARE","description":"Servi\u00e7os de Sa\u00fade","publisher":{"@id":"https:\/\/mondecare.pt\/#organization"},"potentialAction":[{"@type":"SearchAction","target":{"@type":"EntryPoint","urlTemplate":"https:\/\/mondecare.pt\/?s={search_term_string}"},"query-input":"required name=search_term_string"}],"inLanguage":"pt-PT"},{"@type":"Organization","@id":"https:\/\/mondecare.pt\/#organization","name":"MONDECARE","url":"https:\/\/mondecare.pt\/","sameAs":[],"logo":{"@type":"ImageObject","inLanguage":"pt-PT","@id":"https:\/\/mondecare.pt\/#\/schema\/logo\/image\/","url":"https:\/\/mondecare.pt\/wp-content\/uploads\/2022\/06\/Frame-1-3.png","contentUrl":"https:\/\/mondecare.pt\/wp-content\/uploads\/2022\/06\/Frame-1-3.png","width":897,"height":226,"caption":"MONDECARE"},"image":{"@id":"https:\/\/mondecare.pt\/#\/schema\/logo\/image\/"}}]}},"_links":{"self":[{"href":"https:\/\/mondecare.pt\/index.php\/wp-json\/wp\/v2\/pages\/145","targetHints":{"allow":["GET"]}}],"collection":[{"href":"https:\/\/mondecare.pt\/index.php\/wp-json\/wp\/v2\/pages"}],"about":[{"href":"https:\/\/mondecare.pt\/index.php\/wp-json\/wp\/v2\/types\/page"}],"author":[{"embeddable":true,"href":"https:\/\/mondecare.pt\/index.php\/wp-json\/wp\/v2\/users\/1"}],"replies":[{"embeddable":true,"href":"https:\/\/mondecare.pt\/index.php\/wp-json\/wp\/v2\/comments?post=145"}],"version-history":[{"count":29,"href":"https:\/\/mondecare.pt\/index.php\/wp-json\/wp\/v2\/pages\/145\/revisions"}],"predecessor-version":[{"id":2199,"href":"https:\/\/mondecare.pt\/index.php\/wp-json\/wp\/v2\/pages\/145\/revisions\/2199"}],"wp:attachment":[{"href":"https:\/\/mondecare.pt\/index.php\/wp-json\/wp\/v2\/media?parent=145"}],"curies":[{"name":"wp","href":"https:\/\/api.w.org\/{rel}","templated":true}]}}